{"id":42,"date":"2026-01-15T12:03:32","date_gmt":"2026-01-15T12:03:32","guid":{"rendered":"https:\/\/morfus.s54.somospecesvoladores.com\/?page_id=42"},"modified":"2026-03-05T10:03:48","modified_gmt":"2026-03-05T10:03:48","slug":"contacto","status":"publish","type":"page","link":"https:\/\/morfus.es\/en\/contacto\/","title":{"rendered":"Contacto"},"content":{"rendered":"\t\t<div data-elementor-type=\"wp-page\" data-elementor-id=\"42\" class=\"elementor elementor-42\" data-elementor-settings=\"{&quot;ha_cmc_init_switcher&quot;:&quot;no&quot;}\" data-elementor-post-type=\"page\">\n\t\t\t\t<div class=\"elementor-element elementor-element-5b32ad9 e-con-full e-flex e-con e-parent\" data-id=\"5b32ad9\" data-element_type=\"container\" data-e-type=\"container\" data-settings=\"{&quot;background_background&quot;:&quot;classic&quot;,&quot;_ha_eqh_enable&quot;:false}\">\n\t\t<div class=\"elementor-element elementor-element-b9164ed e-flex e-con-boxed e-con e-child\" data-id=\"b9164ed\" data-element_type=\"container\" data-e-type=\"container\" data-settings=\"{&quot;_ha_eqh_enable&quot;:false}\">\n\t\t\t\t\t<div class=\"e-con-inner\">\n\t\t\t\t<div class=\"elementor-element elementor-element-fcb8c1b elementor-widget__width-initial animated-slow elementor-widget-mobile__width-inherit elementor-invisible elementor-widget elementor-widget-heading\" data-id=\"fcb8c1b\" data-element_type=\"widget\" data-e-type=\"widget\" data-settings=\"{&quot;_animation&quot;:&quot;slideInRight&quot;,&quot;_animation_mobile&quot;:&quot;zoomIn&quot;}\" data-widget_type=\"heading.default\">\n\t\t\t\t\t<h1 class=\"elementor-heading-title elementor-size-default\">\u00a1Hablemos!<\/h1>\t\t\t\t<\/div>\n\t\t\t\t<div class=\"elementor-element elementor-element-b7d01ce elementor-widget__width-initial elementor-widget-mobile__width-inherit elementor-widget elementor-widget-text-editor\" data-id=\"b7d01ce\" data-element_type=\"widget\" data-e-type=\"widget\" data-widget_type=\"text-editor.default\">\n\t\t\t\t\t\t\t\t\t<p>Si tienes alguna pregunta, quieres m\u00e1s informaci\u00f3n sobre nuestros proyectos o quieres contarnos tu idea, estaremos encantados de escucharte.<br data-start=\"237\" data-end=\"240\" \/>Rellena el formulario, ll\u00e1manos o escr\u00edbenos un correo y nos pondremos en contacto contigo lo antes posible.<\/p>\t\t\t\t\t\t\t\t<\/div>\n\t\t\t\t\t<\/div>\n\t\t\t\t<\/div>\n\t\t<div class=\"elementor-element elementor-element-0fa93e5 e-con-full animated-slow e-flex elementor-invisible e-con e-child\" data-id=\"0fa93e5\" data-element_type=\"container\" data-e-type=\"container\" data-settings=\"{&quot;animation&quot;:&quot;zoomIn&quot;,&quot;_ha_eqh_enable&quot;:false}\">\n\t\t\t\t<div class=\"elementor-element elementor-element-a852299 elementor-button-align-stretch elementor-widget elementor-widget-form\" data-id=\"a852299\" data-element_type=\"widget\" data-e-type=\"widget\" data-settings=\"{&quot;step_next_label&quot;:&quot;Siguiente&quot;,&quot;step_previous_label&quot;:&quot;Anterior&quot;,&quot;button_width&quot;:&quot;100&quot;,&quot;step_type&quot;:&quot;number_text&quot;,&quot;step_icon_shape&quot;:&quot;circle&quot;}\" data-widget_type=\"form.default\">\n\t\t\t\t\t\t\t<form class=\"elementor-form\" method=\"post\" name=\"Formulario Contacto\" aria-label=\"Formulario Contacto\">\n\t\t\t<input type=\"hidden\" name=\"post_id\" value=\"42\"\/>\n\t\t\t<input type=\"hidden\" name=\"form_id\" value=\"a852299\"\/>\n\t\t\t<input type=\"hidden\" name=\"referer_title\" value=\"Morfus\" \/>\n\n\t\t\t\n\t\t\t<div class=\"elementor-form-fields-wrapper elementor-labels-above\">\n\t\t\t\t\t\t\t\t<div class=\"elementor-field-type-text elementor-field-group elementor-column elementor-field-group-name elementor-col-50 elementor-field-required elementor-mark-required\">\n\t\t\t\t\t\t\t\t\t\t\t\t<label for=\"form-field-name\" class=\"elementor-field-label\">\n\t\t\t\t\t\t\t\tNombre\t\t\t\t\t\t\t<\/label>\n\t\t\t\t\t\t\t\t\t\t\t\t\t\t<input size=\"1\" type=\"text\" name=\"form_fields[name]\" id=\"form-field-name\" class=\"elementor-field elementor-size-sm  elementor-field-textual\" required=\"required\">\n\t\t\t\t\t\t\t\t\t\t\t<\/div>\n\t\t\t\t\t\t\t\t<div class=\"elementor-field-type-email elementor-field-group elementor-column elementor-field-group-email elementor-col-50 elementor-field-required elementor-mark-required\">\n\t\t\t\t\t\t\t\t\t\t\t\t<label for=\"form-field-email\" class=\"elementor-field-label\">\n\t\t\t\t\t\t\t\tCorreo electr\u00f3nico\t\t\t\t\t\t\t<\/label>\n\t\t\t\t\t\t\t\t\t\t\t\t\t\t<input size=\"1\" type=\"email\" name=\"form_fields[email]\" id=\"form-field-email\" class=\"elementor-field elementor-size-sm  elementor-field-textual\" required=\"required\">\n\t\t\t\t\t\t\t\t\t\t\t<\/div>\n\t\t\t\t\t\t\t\t<div class=\"elementor-field-type-tel elementor-field-group elementor-column elementor-field-group-field_d85d5da elementor-col-50\">\n\t\t\t\t\t\t\t\t\t\t\t\t<label for=\"form-field-field_d85d5da\" class=\"elementor-field-label\">\n\t\t\t\t\t\t\t\tTel\u00e9fono\t\t\t\t\t\t\t<\/label>\n\t\t\t\t\t\t\t\t<input size=\"1\" type=\"tel\" name=\"form_fields[field_d85d5da]\" id=\"form-field-field_d85d5da\" class=\"elementor-field elementor-size-sm  elementor-field-textual\" pattern=\"[0-9()#&amp;+*-=.]+\" title=\"Only numbers and phone characters (#, -, *, etc) are accepted.\">\n\n\t\t\t\t\t\t<\/div>\n\t\t\t\t\t\t\t\t<div class=\"elementor-field-type-text elementor-field-group elementor-column elementor-field-group-field_f13974f elementor-col-50\">\n\t\t\t\t\t\t\t\t\t\t\t\t<label for=\"form-field-field_f13974f\" class=\"elementor-field-label\">\n\t\t\t\t\t\t\t\tEmpresa\t\t\t\t\t\t\t<\/label>\n\t\t\t\t\t\t\t\t\t\t\t\t\t\t<input size=\"1\" type=\"text\" name=\"form_fields[field_f13974f]\" id=\"form-field-field_f13974f\" class=\"elementor-field elementor-size-sm  elementor-field-textual\">\n\t\t\t\t\t\t\t\t\t\t\t<\/div>\n\t\t\t\t\t\t\t\t<div class=\"elementor-field-type-textarea elementor-field-group elementor-column elementor-field-group-message elementor-col-100 elementor-field-required elementor-mark-required\">\n\t\t\t\t\t\t\t\t\t\t\t\t<label for=\"form-field-message\" class=\"elementor-field-label\">\n\t\t\t\t\t\t\t\tMensaje\t\t\t\t\t\t\t<\/label>\n\t\t\t\t\t\t<textarea class=\"elementor-field-textual elementor-field  elementor-size-sm\" name=\"form_fields[message]\" id=\"form-field-message\" rows=\"4\" required=\"required\"><\/textarea>\t\t\t\t<\/div>\n\t\t\t\t\t\t\t\t<div class=\"elementor-field-type-acceptance elementor-field-group elementor-column elementor-field-group-field_9a692ba elementor-col-100 elementor-field-required elementor-mark-required\">\n\t\t\t\t\t\t\t<div class=\"elementor-field-subgroup\">\n\t\t\t<span class=\"elementor-field-option\">\n\t\t\t\t<input type=\"checkbox\" name=\"form_fields[field_9a692ba]\" id=\"form-field-field_9a692ba\" class=\"elementor-field elementor-size-sm  elementor-acceptance-field\" required=\"required\">\n\t\t\t\t<label for=\"form-field-field_9a692ba\">He le\u00eddo y acepto la  <a href=\"https:\/\/www.morfus.es\/?page_id=3\">Pol\u00edtica de Privacidad <\/a><\/label>\t\t\t<\/span>\n\t\t<\/div>\n\t\t\t\t\t\t<\/div>\n\t\t\t\t\t\t\t\t<div class=\"elementor-field-group elementor-column elementor-field-type-submit elementor-col-100 e-form__buttons\">\n\t\t\t\t\t<button class=\"elementor-button elementor-size-sm\" type=\"submit\">\n\t\t\t\t\t\t<span class=\"elementor-button-content-wrapper\">\n\t\t\t\t\t\t\t\t\t\t\t\t\t\t\t\t\t\t\t\t\t\t<span class=\"elementor-button-text\">Enviar<\/span>\n\t\t\t\t\t\t\t\t\t\t\t\t\t<\/span>\n\t\t\t\t\t<\/button>\n\t\t\t\t<\/div>\n\t\t\t<\/div>\n\t\t<\/form>\n\t\t\t\t\t\t<\/div>\n\t\t\t\t<\/div>\n\t\t\t\t<\/div>\n\t\t\t\t<\/div>\n\t\t","protected":false},"excerpt":{"rendered":"<p>\u00a1Hablemos! Si tienes alguna pregunta, quieres m\u00e1s informaci\u00f3n sobre nuestros proyectos o quieres contarnos tu idea, estaremos encantados de escucharte.Rellena el formulario, ll\u00e1manos o escr\u00edbenos un correo y nos pondremos en contacto contigo lo antes posible.<\/p>","protected":false},"author":1,"featured_media":91,"parent":0,"menu_order":0,"comment_status":"closed","ping_status":"closed","template":"elementor_header_footer","meta":{"_joinchat":[],"footnotes":""},"tipo_proyecto":[],"class_list":["post-42","page","type-page","status-publish","has-post-thumbnail","hentry"],"yoast_head":"<!-- This site is optimized with the Yoast SEO plugin v26.7 - https:\/\/yoast.com\/wordpress\/plugins\/seo\/ -->\n<title>Contacto - Morfus<\/title>\n<meta name=\"description\" content=\"Rellena el formulario, ll\u00e1manos o escr\u00edbenos un correo y nos pondremos en contacto contigo lo antes posible.\" \/>\n<meta name=\"robots\" content=\"index, follow, max-snippet:-1, max-image-preview:large, max-video-preview:-1\" \/>\n<link rel=\"canonical\" href=\"https:\/\/morfus.es\/en\/contacto\/\" \/>\n<meta property=\"og:locale\" content=\"en_GB\" \/>\n<meta property=\"og:type\" content=\"article\" \/>\n<meta property=\"og:title\" content=\"Contacto - Morfus\" \/>\n<meta property=\"og:description\" content=\"Rellena el formulario, ll\u00e1manos o escr\u00edbenos un correo y nos pondremos en contacto contigo lo antes posible.\" \/>\n<meta property=\"og:url\" content=\"https:\/\/morfus.es\/en\/contacto\/\" \/>\n<meta property=\"og:site_name\" content=\"Morfus\" \/>\n<meta property=\"article:modified_time\" content=\"2026-03-05T10:03:48+00:00\" \/>\n<meta property=\"og:image\" content=\"https:\/\/morfus.es\/wp-content\/uploads\/2026\/01\/Favicon-Morfus.png\" \/>\n\t<meta property=\"og:image:width\" content=\"500\" \/>\n\t<meta property=\"og:image:height\" content=\"500\" \/>\n\t<meta property=\"og:image:type\" content=\"image\/png\" \/>\n<meta name=\"twitter:card\" content=\"summary_large_image\" \/>\n<meta name=\"twitter:label1\" content=\"Estimated reading time\" \/>\n\t<meta name=\"twitter:data1\" content=\"1 minute\" \/>\n<script type=\"application\/ld+json\" class=\"yoast-schema-graph\">{\"@context\":\"https:\/\/schema.org\",\"@graph\":[{\"@type\":\"WebPage\",\"@id\":\"https:\/\/morfus.es\/en\/contacto\/\",\"url\":\"https:\/\/morfus.es\/en\/contacto\/\",\"name\":\"Contacto - Morfus\",\"isPartOf\":{\"@id\":\"https:\/\/morfus.es\/#website\"},\"primaryImageOfPage\":{\"@id\":\"https:\/\/morfus.es\/en\/contacto\/#primaryimage\"},\"image\":{\"@id\":\"https:\/\/morfus.es\/en\/contacto\/#primaryimage\"},\"thumbnailUrl\":\"https:\/\/morfus.es\/wp-content\/uploads\/2026\/01\/Favicon-Morfus.png\",\"datePublished\":\"2026-01-15T12:03:32+00:00\",\"dateModified\":\"2026-03-05T10:03:48+00:00\",\"description\":\"Rellena el formulario, ll\u00e1manos o escr\u00edbenos un correo y nos pondremos en contacto contigo lo antes posible.\",\"breadcrumb\":{\"@id\":\"https:\/\/morfus.es\/en\/contacto\/#breadcrumb\"},\"inLanguage\":\"en-GB\",\"potentialAction\":[{\"@type\":\"ReadAction\",\"target\":[\"https:\/\/morfus.es\/en\/contacto\/\"]}]},{\"@type\":\"ImageObject\",\"inLanguage\":\"en-GB\",\"@id\":\"https:\/\/morfus.es\/en\/contacto\/#primaryimage\",\"url\":\"https:\/\/morfus.es\/wp-content\/uploads\/2026\/01\/Favicon-Morfus.png\",\"contentUrl\":\"https:\/\/morfus.es\/wp-content\/uploads\/2026\/01\/Favicon-Morfus.png\",\"width\":500,\"height\":500,\"caption\":\"Aqu\u00ed tienes un texto ALT breve y descriptivo en espa\u00f1ol para la imagen: **Letra M may\u00fascula gris oscuro con una mariposa azul iridiscente en su base, sobre fondo negro.**\"},{\"@type\":\"BreadcrumbList\",\"@id\":\"https:\/\/morfus.es\/en\/contacto\/#breadcrumb\",\"itemListElement\":[{\"@type\":\"ListItem\",\"position\":1,\"name\":\"Portada\",\"item\":\"https:\/\/morfus.es\/\"},{\"@type\":\"ListItem\",\"position\":2,\"name\":\"Contacto\"}]},{\"@type\":\"WebSite\",\"@id\":\"https:\/\/morfus.es\/#website\",\"url\":\"https:\/\/morfus.es\/\",\"name\":\"Morfus\",\"description\":\"\",\"publisher\":{\"@id\":\"https:\/\/morfus.es\/#organization\"},\"potentialAction\":[{\"@type\":\"SearchAction\",\"target\":{\"@type\":\"EntryPoint\",\"urlTemplate\":\"https:\/\/morfus.es\/?s={search_term_string}\"},\"query-input\":{\"@type\":\"PropertyValueSpecification\",\"valueRequired\":true,\"valueName\":\"search_term_string\"}}],\"inLanguage\":\"en-GB\"},{\"@type\":\"Organization\",\"@id\":\"https:\/\/morfus.es\/#organization\",\"name\":\"Morfus\",\"url\":\"https:\/\/morfus.es\/\",\"logo\":{\"@type\":\"ImageObject\",\"inLanguage\":\"en-GB\",\"@id\":\"https:\/\/morfus.es\/#\/schema\/logo\/image\/\",\"url\":\"https:\/\/morfus.es\/wp-content\/uploads\/2026\/01\/Logotipo-Morfus.png\",\"contentUrl\":\"https:\/\/morfus.es\/wp-content\/uploads\/2026\/01\/Logotipo-Morfus.png\",\"width\":906,\"height\":386,\"caption\":\"Morfus\"},\"image\":{\"@id\":\"https:\/\/morfus.es\/#\/schema\/logo\/image\/\"}}]}<\/script>\n<!-- \/ Yoast SEO plugin. -->","yoast_head_json":{"title":"Contacto - Morfus","description":"Fill out the form, call us or send us an e-mail and we\u2019ll contact you as soon as possible.","robots":{"index":"index","follow":"follow","max-snippet":"max-snippet:-1","max-image-preview":"max-image-preview:large","max-video-preview":"max-video-preview:-1"},"canonical":"https:\/\/morfus.es\/en\/contacto\/","og_locale":"en_GB","og_type":"article","og_title":"Contacto - Morfus","og_description":"Rellena el formulario, ll\u00e1manos o escr\u00edbenos un correo y nos pondremos en contacto contigo lo antes posible.","og_url":"https:\/\/morfus.es\/en\/contacto\/","og_site_name":"Morfus","article_modified_time":"2026-03-05T10:03:48+00:00","og_image":[{"width":500,"height":500,"url":"https:\/\/morfus.es\/wp-content\/uploads\/2026\/01\/Favicon-Morfus.png","type":"image\/png"}],"twitter_card":"summary_large_image","twitter_misc":{"Estimated reading time":"1 minute"},"schema":{"@context":"https:\/\/schema.org","@graph":[{"@type":"WebPage","@id":"https:\/\/morfus.es\/en\/contacto\/","url":"https:\/\/morfus.es\/en\/contacto\/","name":"Contacto - Morfus","isPartOf":{"@id":"https:\/\/morfus.es\/#website"},"primaryImageOfPage":{"@id":"https:\/\/morfus.es\/en\/contacto\/#primaryimage"},"image":{"@id":"https:\/\/morfus.es\/en\/contacto\/#primaryimage"},"thumbnailUrl":"https:\/\/morfus.es\/wp-content\/uploads\/2026\/01\/Favicon-Morfus.png","datePublished":"2026-01-15T12:03:32+00:00","dateModified":"2026-03-05T10:03:48+00:00","description":"Fill out the form, call us or send us an e-mail and we\u2019ll contact you as soon as possible.","breadcrumb":{"@id":"https:\/\/morfus.es\/en\/contacto\/#breadcrumb"},"inLanguage":"en-GB","potentialAction":[{"@type":"ReadAction","target":["https:\/\/morfus.es\/en\/contacto\/"]}]},{"@type":"ImageObject","inLanguage":"en-GB","@id":"https:\/\/morfus.es\/en\/contacto\/#primaryimage","url":"https:\/\/morfus.es\/wp-content\/uploads\/2026\/01\/Favicon-Morfus.png","contentUrl":"https:\/\/morfus.es\/wp-content\/uploads\/2026\/01\/Favicon-Morfus.png","width":500,"height":500,"caption":"Aqu\u00ed tienes un texto ALT breve y descriptivo en espa\u00f1ol para la imagen: **Letra M may\u00fascula gris oscuro con una mariposa azul iridiscente en su base, sobre fondo negro.**"},{"@type":"BreadcrumbList","@id":"https:\/\/morfus.es\/en\/contacto\/#breadcrumb","itemListElement":[{"@type":"ListItem","position":1,"name":"Portada","item":"https:\/\/morfus.es\/"},{"@type":"ListItem","position":2,"name":"Contacto"}]},{"@type":"WebSite","@id":"https:\/\/morfus.es\/#website","url":"https:\/\/morfus.es\/","name":"Morfus","description":"","publisher":{"@id":"https:\/\/morfus.es\/#organization"},"potentialAction":[{"@type":"SearchAction","target":{"@type":"EntryPoint","urlTemplate":"https:\/\/morfus.es\/?s={search_term_string}"},"query-input":{"@type":"PropertyValueSpecification","valueRequired":true,"valueName":"search_term_string"}}],"inLanguage":"en-GB"},{"@type":"Organization","@id":"https:\/\/morfus.es\/#organization","name":"Morfus","url":"https:\/\/morfus.es\/","logo":{"@type":"ImageObject","inLanguage":"en-GB","@id":"https:\/\/morfus.es\/#\/schema\/logo\/image\/","url":"https:\/\/morfus.es\/wp-content\/uploads\/2026\/01\/Logotipo-Morfus.png","contentUrl":"https:\/\/morfus.es\/wp-content\/uploads\/2026\/01\/Logotipo-Morfus.png","width":906,"height":386,"caption":"Morfus"},"image":{"@id":"https:\/\/morfus.es\/#\/schema\/logo\/image\/"}}]}},"_links":{"self":[{"href":"https:\/\/morfus.es\/en\/wp-json\/wp\/v2\/pages\/42","targetHints":{"allow":["GET"]}}],"collection":[{"href":"https:\/\/morfus.es\/en\/wp-json\/wp\/v2\/pages"}],"about":[{"href":"https:\/\/morfus.es\/en\/wp-json\/wp\/v2\/types\/page"}],"author":[{"embeddable":true,"href":"https:\/\/morfus.es\/en\/wp-json\/wp\/v2\/users\/1"}],"replies":[{"embeddable":true,"href":"https:\/\/morfus.es\/en\/wp-json\/wp\/v2\/comments?post=42"}],"version-history":[{"count":0,"href":"https:\/\/morfus.es\/en\/wp-json\/wp\/v2\/pages\/42\/revisions"}],"wp:featuredmedia":[{"embeddable":true,"href":"https:\/\/morfus.es\/en\/wp-json\/wp\/v2\/media\/91"}],"wp:attachment":[{"href":"https:\/\/morfus.es\/en\/wp-json\/wp\/v2\/media?parent=42"}],"wp:term":[{"taxonomy":"tipo_proyecto","embeddable":true,"href":"https:\/\/morfus.es\/en\/wp-json\/wp\/v2\/tipo_proyecto?post=42"}],"curies":[{"name":"wp","href":"https:\/\/api.w.org\/{rel}","templated":true}]}}