{"id":978,"date":"2026-02-24T10:52:01","date_gmt":"2026-02-24T10:52:01","guid":{"rendered":"https:\/\/morfus.s54.somospecesvoladores.com\/?page_id=978"},"modified":"2026-02-27T11:50:02","modified_gmt":"2026-02-27T11:50:02","slug":"duty-free-tli","status":"publish","type":"page","link":"https:\/\/morfus.es\/en\/travel\/duty-free-tli\/","title":{"rendered":"Duty Free &#8211; Bilbao"},"content":{"rendered":"\t\t<div data-elementor-type=\"wp-page\" data-elementor-id=\"978\" class=\"elementor elementor-978\" data-elementor-settings=\"{&quot;ha_cmc_init_switcher&quot;:&quot;no&quot;}\" data-elementor-post-type=\"page\">\n\t\t\t\t<div class=\"elementor-element elementor-element-b8f205a e-con-full e-flex e-con e-parent\" data-id=\"b8f205a\" data-element_type=\"container\" data-e-type=\"container\" data-settings=\"{&quot;background_background&quot;:&quot;slideshow&quot;,&quot;background_slideshow_gallery&quot;:[{&quot;id&quot;:980,&quot;url&quot;:&quot;https:\\\/\\\/www.morfus.es\\\/wp-content\\\/uploads\\\/2026\\\/02\\\/20260113_140010.jpg&quot;},{&quot;id&quot;:981,&quot;url&quot;:&quot;https:\\\/\\\/www.morfus.es\\\/wp-content\\\/uploads\\\/2026\\\/02\\\/20260113_140017.jpg&quot;},{&quot;id&quot;:982,&quot;url&quot;:&quot;https:\\\/\\\/www.morfus.es\\\/wp-content\\\/uploads\\\/2026\\\/02\\\/20260113_140043.jpg&quot;},{&quot;id&quot;:983,&quot;url&quot;:&quot;https:\\\/\\\/www.morfus.es\\\/wp-content\\\/uploads\\\/2026\\\/02\\\/20260113_140112.jpg&quot;},{&quot;id&quot;:984,&quot;url&quot;:&quot;https:\\\/\\\/www.morfus.es\\\/wp-content\\\/uploads\\\/2026\\\/02\\\/20260204_111745-scaled.jpg&quot;}],&quot;background_slideshow_slide_duration&quot;:2000,&quot;background_slideshow_slide_transition&quot;:&quot;slide_left&quot;,&quot;background_slideshow_transition_duration&quot;:1500,&quot;background_slideshow_loop&quot;:&quot;yes&quot;,&quot;_ha_eqh_enable&quot;:false}\">\n\t\t<div class=\"elementor-element elementor-element-9809fc8 e-con-full e-flex e-con e-child\" data-id=\"9809fc8\" data-element_type=\"container\" data-e-type=\"container\" data-settings=\"{&quot;_ha_eqh_enable&quot;:false}\">\n\t\t\t\t<div class=\"elementor-element elementor-element-a85aad1 elementor-align-left elementor-widget elementor-widget-button\" data-id=\"a85aad1\" data-element_type=\"widget\" data-e-type=\"widget\" data-widget_type=\"button.default\">\n\t\t\t\t\t\t\t\t\t\t<a class=\"elementor-button elementor-button-link elementor-size-sm\" href=\"https:\/\/www.morfus.es\/?page_id=867\">\n\t\t\t\t\t\t<span class=\"elementor-button-content-wrapper\">\n\t\t\t\t\t\t\t\t\t<span class=\"elementor-button-text\">TRAVEL<\/span>\n\t\t\t\t\t<\/span>\n\t\t\t\t\t<\/a>\n\t\t\t\t\t\t\t\t<\/div>\n\t\t\t\t<div class=\"elementor-element elementor-element-5d78be6 elementor-widget elementor-widget-heading\" data-id=\"5d78be6\" data-element_type=\"widget\" data-e-type=\"widget\" data-widget_type=\"heading.default\">\n\t\t\t\t\t<h1 class=\"elementor-heading-title elementor-size-default\">Duty Free - BILBAO<\/h1>\t\t\t\t<\/div>\n\t\t\t\t<div class=\"elementor-element elementor-element-5825f92 elementor-icon-list--layout-inline elementor-mobile-align-start elementor-list-item-link-full_width elementor-widget elementor-widget-icon-list\" data-id=\"5825f92\" data-element_type=\"widget\" data-e-type=\"widget\" data-widget_type=\"icon-list.default\">\n\t\t\t\t\t\t\t<ul class=\"elementor-icon-list-items elementor-inline-items\">\n\t\t\t\t\t\t\t<li class=\"elementor-icon-list-item elementor-inline-item\">\n\t\t\t\t\t\t\t\t\t\t\t<span class=\"elementor-icon-list-icon\">\n\t\t\t\t\t\t\t<i aria-hidden=\"true\" class=\"huge huge-location-03\"><\/i>\t\t\t\t\t\t<\/span>\n\t\t\t\t\t\t\t\t\t\t<span class=\"elementor-icon-list-text\">Bilbao<\/span>\n\t\t\t\t\t\t\t\t\t<\/li>\n\t\t\t\t\t\t<\/ul>\n\t\t\t\t\t\t<\/div>\n\t\t\t\t<\/div>\n\t\t\t\t<\/div>\n\t\t<div class=\"elementor-element elementor-element-72f5ee2 e-con-full e-flex e-con e-parent\" data-id=\"72f5ee2\" data-element_type=\"container\" data-e-type=\"container\" data-settings=\"{&quot;_ha_eqh_enable&quot;:false}\">\n\t\t<div class=\"elementor-element elementor-element-47c3c78 e-con-full e-flex e-con e-child\" data-id=\"47c3c78\" data-element_type=\"container\" data-e-type=\"container\" data-settings=\"{&quot;_ha_eqh_enable&quot;:false}\">\n\t\t<div class=\"elementor-element elementor-element-02e1026 e-con-full e-flex e-con e-child\" data-id=\"02e1026\" data-element_type=\"container\" data-e-type=\"container\" data-settings=\"{&quot;_ha_eqh_enable&quot;:false}\">\n\t\t\t\t<div class=\"elementor-element elementor-element-a7567dc elementor-widget__width-inherit animated-slow elementor-invisible elementor-widget elementor-widget-heading\" data-id=\"a7567dc\" data-element_type=\"widget\" data-e-type=\"widget\" data-settings=\"{&quot;_animation&quot;:&quot;slideInRight&quot;,&quot;_animation_delay&quot;:0}\" data-widget_type=\"heading.default\">\n\t\t\t\t\t<h2 class=\"elementor-heading-title elementor-size-default\">Duty Free - BILBAO<\/h2>\t\t\t\t<\/div>\n\t\t\t\t<div class=\"elementor-element elementor-element-0cb31f5 elementor-widget__width-initial animated-slow elementor-invisible elementor-widget elementor-widget-text-editor\" data-id=\"0cb31f5\" data-element_type=\"widget\" data-e-type=\"widget\" data-settings=\"{&quot;_animation&quot;:&quot;fadeInRight&quot;}\" data-widget_type=\"text-editor.default\">\n\t\t\t\t\t\t\t\t\t<p>Renovamos el espacio de Duty free en el aeropuerto de Bilbao, creando un entorno moderno y funcional que potencia la identidad de la marca y optimiza la experiencia de los clientes.<\/p>\t\t\t\t\t\t\t\t<\/div>\n\t\t\t\t<\/div>\n\t\t\t\t<\/div>\n\t\t<div class=\"elementor-element elementor-element-05a9161 e-con-full e-flex e-con e-child\" data-id=\"05a9161\" data-element_type=\"container\" data-e-type=\"container\" data-settings=\"{&quot;_ha_eqh_enable&quot;:false}\">\n\t\t\t\t<div class=\"elementor-element elementor-element-f0c1013 elementor-arrows-position-outside elementor-pagination-position-outside elementor-widget elementor-widget-image-carousel\" data-id=\"f0c1013\" data-element_type=\"widget\" data-e-type=\"widget\" data-settings=\"{&quot;slides_to_show&quot;:&quot;3&quot;,&quot;slides_to_scroll&quot;:&quot;1&quot;,&quot;image_spacing_custom&quot;:{&quot;unit&quot;:&quot;px&quot;,&quot;size&quot;:10,&quot;sizes&quot;:[]},&quot;navigation&quot;:&quot;both&quot;,&quot;autoplay&quot;:&quot;yes&quot;,&quot;pause_on_hover&quot;:&quot;yes&quot;,&quot;pause_on_interaction&quot;:&quot;yes&quot;,&quot;autoplay_speed&quot;:5000,&quot;infinite&quot;:&quot;yes&quot;,&quot;speed&quot;:500,&quot;image_spacing_custom_tablet&quot;:{&quot;unit&quot;:&quot;px&quot;,&quot;size&quot;:&quot;&quot;,&quot;sizes&quot;:[]},&quot;image_spacing_custom_mobile&quot;:{&quot;unit&quot;:&quot;px&quot;,&quot;size&quot;:&quot;&quot;,&quot;sizes&quot;:[]}}\" data-widget_type=\"image-carousel.default\">\n\t\t\t\t\t\t\t<div class=\"elementor-image-carousel-wrapper swiper\" role=\"region\" aria-roledescription=\"carousel\" aria-label=\"Carrusel de im\u00e1genes\" dir=\"ltr\">\n\t\t\t<div class=\"elementor-image-carousel swiper-wrapper\" aria-live=\"off\">\n\t\t\t\t\t\t\t\t<div class=\"swiper-slide\" role=\"group\" aria-roledescription=\"slide\" aria-label=\"1 de 8\"><a data-elementor-open-lightbox=\"yes\" data-elementor-lightbox-slideshow=\"f0c1013\" data-e-action-hash=\"#elementor-action%3Aaction%3Dlightbox%26settings%3DeyJpZCI6OTgwLCJ1cmwiOiJodHRwczpcL1wvbW9yZnVzLmVzXC93cC1jb250ZW50XC91cGxvYWRzXC8yMDI2XC8wMlwvMjAyNjAxMTNfMTQwMDEwLmpwZyIsInNsaWRlc2hvdyI6ImYwYzEwMTMifQ%3D%3D\" href=\"https:\/\/morfus.es\/wp-content\/uploads\/2026\/02\/20260113_140010.jpg\"><figure class=\"swiper-slide-inner\"><img decoding=\"async\" class=\"swiper-slide-image\" src=\"https:\/\/morfus.es\/wp-content\/uploads\/elementor\/thumbs\/20260113_140010-rk0ivf2t73gwg7kb80cxgzkmuh2ad90lpynytej23a.jpg\" alt=\"Tienda duty free Aelia con vinos, licores y tabaco.\" \/><\/figure><\/a><\/div><div class=\"swiper-slide\" role=\"group\" aria-roledescription=\"slide\" aria-label=\"2 de 8\"><a data-elementor-open-lightbox=\"yes\" data-elementor-lightbox-slideshow=\"f0c1013\" data-e-action-hash=\"#elementor-action%3Aaction%3Dlightbox%26settings%3DeyJpZCI6OTg0LCJ1cmwiOiJodHRwczpcL1wvbW9yZnVzLmVzXC93cC1jb250ZW50XC91cGxvYWRzXC8yMDI2XC8wMlwvMjAyNjAyMDRfMTExNzQ1LXNjYWxlZC5qcGciLCJzbGlkZXNob3ciOiJmMGMxMDEzIn0%3D\" href=\"https:\/\/morfus.es\/wp-content\/uploads\/2026\/02\/20260204_111745-scaled.jpg\"><figure class=\"swiper-slide-inner\"><img decoding=\"async\" class=\"swiper-slide-image\" src=\"https:\/\/morfus.es\/wp-content\/uploads\/elementor\/thumbs\/20260204_111745-scaled-rk0ivd74tfebszn1izjoc01pnpbjxut51pczuulufq.jpg\" alt=\"Perfumer\u00eda con estanter\u00edas de cosm\u00e9ticos y productos de belleza.\" \/><\/figure><\/a><\/div><div class=\"swiper-slide\" role=\"group\" aria-roledescription=\"slide\" aria-label=\"3 de 8\"><a data-elementor-open-lightbox=\"yes\" data-elementor-lightbox-slideshow=\"f0c1013\" data-e-action-hash=\"#elementor-action%3Aaction%3Dlightbox%26settings%3DeyJpZCI6OTg2LCJ1cmwiOiJodHRwczpcL1wvbW9yZnVzLmVzXC93cC1jb250ZW50XC91cGxvYWRzXC8yMDI2XC8wMlwvSU1HMjAyNTAzMDQxMDEzMTktc2NhbGVkLmpwZyIsInNsaWRlc2hvdyI6ImYwYzEwMTMifQ%3D%3D\" href=\"https:\/\/morfus.es\/wp-content\/uploads\/2026\/02\/IMG20250304101319-scaled.jpg\"><figure class=\"swiper-slide-inner\"><img decoding=\"async\" class=\"swiper-slide-image\" src=\"https:\/\/morfus.es\/wp-content\/uploads\/elementor\/thumbs\/IMG20250304101319-scaled-rk0ivbbgfrbr5rprtyqf70isgxktiglodg20waoms6.jpg\" alt=\"Mercado espa\u00f1ol con vinos, licores y productos gourmet.\" \/><\/figure><\/a><\/div><div class=\"swiper-slide\" role=\"group\" aria-roledescription=\"slide\" aria-label=\"4 de 8\"><a data-elementor-open-lightbox=\"yes\" data-elementor-lightbox-slideshow=\"f0c1013\" data-e-action-hash=\"#elementor-action%3Aaction%3Dlightbox%26settings%3DeyJpZCI6OTgyLCJ1cmwiOiJodHRwczpcL1wvbW9yZnVzLmVzXC93cC1jb250ZW50XC91cGxvYWRzXC8yMDI2XC8wMlwvMjAyNjAxMTNfMTQwMDQzLmpwZyIsInNsaWRlc2hvdyI6ImYwYzEwMTMifQ%3D%3D\" href=\"https:\/\/morfus.es\/wp-content\/uploads\/2026\/02\/20260113_140043.jpg\"><figure class=\"swiper-slide-inner\"><img decoding=\"async\" class=\"swiper-slide-image\" src=\"https:\/\/morfus.es\/wp-content\/uploads\/elementor\/thumbs\/20260113_140043-rk0ivf2t73gwg7kb80cxgzkmuh2ad90lpynytej23a.jpg\" alt=\"Tienda duty-free con cigarrillos, vinos y licores en exhibici\u00f3n.\" \/><\/figure><\/a><\/div><div class=\"swiper-slide\" role=\"group\" aria-roledescription=\"slide\" aria-label=\"5 de 8\"><a data-elementor-open-lightbox=\"yes\" data-elementor-lightbox-slideshow=\"f0c1013\" data-e-action-hash=\"#elementor-action%3Aaction%3Dlightbox%26settings%3DeyJpZCI6OTg1LCJ1cmwiOiJodHRwczpcL1wvbW9yZnVzLmVzXC93cC1jb250ZW50XC91cGxvYWRzXC8yMDI2XC8wMlwvSU1HMjAyNTAzMDQxMDEzMDYtc2NhbGVkLmpwZyIsInNsaWRlc2hvdyI6ImYwYzEwMTMifQ%3D%3D\" href=\"https:\/\/morfus.es\/wp-content\/uploads\/2026\/02\/IMG20250304101306-scaled.jpg\"><figure class=\"swiper-slide-inner\"><img decoding=\"async\" class=\"swiper-slide-image\" src=\"https:\/\/morfus.es\/wp-content\/uploads\/elementor\/thumbs\/IMG20250304101306-scaled-rk0ivadm8xagu5r4zgbsmirbvjpgarhy1bejf0q0ye.jpg\" alt=\"Tienda de vinos, licores y productos espa\u00f1oles en aeropuerto.\" \/><\/figure><\/a><\/div><div class=\"swiper-slide\" role=\"group\" aria-roledescription=\"slide\" aria-label=\"6 de 8\"><a data-elementor-open-lightbox=\"yes\" data-elementor-lightbox-slideshow=\"f0c1013\" data-e-action-hash=\"#elementor-action%3Aaction%3Dlightbox%26settings%3DeyJpZCI6OTgxLCJ1cmwiOiJodHRwczpcL1wvbW9yZnVzLmVzXC93cC1jb250ZW50XC91cGxvYWRzXC8yMDI2XC8wMlwvMjAyNjAxMTNfMTQwMDE3LmpwZyIsInNsaWRlc2hvdyI6ImYwYzEwMTMifQ%3D%3D\" href=\"https:\/\/morfus.es\/wp-content\/uploads\/2026\/02\/20260113_140017.jpg\"><figure class=\"swiper-slide-inner\"><img decoding=\"async\" class=\"swiper-slide-image\" src=\"https:\/\/morfus.es\/wp-content\/uploads\/elementor\/thumbs\/20260113_140017-rk0ive4z09fm4llodhyawht6936x5jwvdu0hc4kg9i.jpg\" alt=\"Tienda Duty Free con licores, vinos y productos espa\u00f1oles.\" \/><\/figure><\/a><\/div><div class=\"swiper-slide\" role=\"group\" aria-roledescription=\"slide\" aria-label=\"7 de 8\"><a data-elementor-open-lightbox=\"yes\" data-elementor-lightbox-slideshow=\"f0c1013\" data-e-action-hash=\"#elementor-action%3Aaction%3Dlightbox%26settings%3DeyJpZCI6OTg3LCJ1cmwiOiJodHRwczpcL1wvbW9yZnVzLmVzXC93cC1jb250ZW50XC91cGxvYWRzXC8yMDI2XC8wMlwvSU1HMjAyNTAzMDQxMDE5MDItc2NhbGVkLmpwZyIsInNsaWRlc2hvdyI6ImYwYzEwMTMifQ%3D%3D\" href=\"https:\/\/morfus.es\/wp-content\/uploads\/2026\/02\/IMG20250304101902-scaled.jpg\"><figure class=\"swiper-slide-inner\"><img decoding=\"async\" class=\"swiper-slide-image\" src=\"https:\/\/morfus.es\/wp-content\/uploads\/elementor\/thumbs\/IMG20250304101902-scaled-rk0ive4z09fm4llodhyawht6936x5jwvdu0hc4kg9i.jpg\" alt=\"Tienda de dulces y chocolates en aeropuerto con descuento.\" \/><\/figure><\/a><\/div><div class=\"swiper-slide\" role=\"group\" aria-roledescription=\"slide\" aria-label=\"8 de 8\"><a data-elementor-open-lightbox=\"yes\" data-elementor-lightbox-slideshow=\"f0c1013\" data-e-action-hash=\"#elementor-action%3Aaction%3Dlightbox%26settings%3DeyJpZCI6OTgzLCJ1cmwiOiJodHRwczpcL1wvbW9yZnVzLmVzXC93cC1jb250ZW50XC91cGxvYWRzXC8yMDI2XC8wMlwvMjAyNjAxMTNfMTQwMTEyLmpwZyIsInNsaWRlc2hvdyI6ImYwYzEwMTMifQ%3D%3D\" href=\"https:\/\/morfus.es\/wp-content\/uploads\/2026\/02\/20260113_140112.jpg\"><figure class=\"swiper-slide-inner\"><img decoding=\"async\" class=\"swiper-slide-image\" src=\"https:\/\/morfus.es\/wp-content\/uploads\/elementor\/thumbs\/20260113_140112-rk0ivadm8xagu5r4zgbsmirbvjpgarhy1bejf0q0ye.jpg\" alt=\"Estanter\u00edas de vinos y licores en supermercado moderno.\" \/><\/figure><\/a><\/div>\t\t\t<\/div>\n\t\t\t\t\t\t\t\t\t\t\t\t<div class=\"elementor-swiper-button elementor-swiper-button-prev\" role=\"button\" tabindex=\"0\">\n\t\t\t\t\t\t<svg aria-hidden=\"true\" class=\"e-font-icon-svg e-eicon-chevron-left\" viewBox=\"0 0 1000 1000\" xmlns=\"http:\/\/www.w3.org\/2000\/svg\"><path d=\"M646 125C629 125 613 133 604 142L308 442C296 454 292 471 292 487 292 504 296 521 308 533L604 854C617 867 629 875 646 875 663 875 679 871 692 858 704 846 713 829 713 812 713 796 708 779 692 767L438 487 692 225C700 217 708 204 708 187 708 171 704 154 692 142 675 129 663 125 646 125Z\"><\/path><\/svg>\t\t\t\t\t<\/div>\n\t\t\t\t\t<div class=\"elementor-swiper-button elementor-swiper-button-next\" role=\"button\" tabindex=\"0\">\n\t\t\t\t\t\t<svg aria-hidden=\"true\" class=\"e-font-icon-svg e-eicon-chevron-right\" viewBox=\"0 0 1000 1000\" xmlns=\"http:\/\/www.w3.org\/2000\/svg\"><path d=\"M696 533C708 521 713 504 713 487 713 471 708 454 696 446L400 146C388 133 375 125 354 125 338 125 325 129 313 142 300 154 292 171 292 187 292 204 296 221 308 233L563 492 304 771C292 783 288 800 288 817 288 833 296 850 308 863 321 871 338 875 354 875 371 875 388 867 400 854L696 533Z\"><\/path><\/svg>\t\t\t\t\t<\/div>\n\t\t\t\t\n\t\t\t\t\t\t\t\t\t<div class=\"swiper-pagination\"><\/div>\n\t\t\t\t\t\t\t\t\t<\/div>\n\t\t\t\t\t\t<\/div>\n\t\t\t\t<\/div>\n\t\t\t\t<\/div>\n\t\t\t\t<\/div>\n\t\t","protected":false},"excerpt":{"rendered":"<p>TRAVEL Duty Free &#8211; BILBAO Bilbao Duty Free &#8211; BILBAO Renovamos el espacio de Duty free en el aeropuerto de Bilbao, creando un entorno moderno y funcional que potencia la identidad de la marca y optimiza la experiencia de los clientes.<\/p>","protected":false},"author":1,"featured_media":980,"parent":867,"menu_order":0,"comment_status":"closed","ping_status":"closed","template":"","meta":{"_joinchat":[],"footnotes":""},"tipo_proyecto":[12],"class_list":["post-978","page","type-page","status-publish","has-post-thumbnail","hentry","tipo_proyecto-travel"],"yoast_head":"<!-- This site is optimized with the Yoast SEO plugin v26.7 - https:\/\/yoast.com\/wordpress\/plugins\/seo\/ -->\n<title>Duty Free - Bilbao - Morfus<\/title>\n<meta name=\"description\" content=\"Renovaci\u00f3n del Duty Free en el aeropuerto de Bilbao: entorno moderno y funcional que refuerza la marca y mejora la experiencia del cliente.\" \/>\n<meta name=\"robots\" content=\"index, follow, max-snippet:-1, max-image-preview:large, max-video-preview:-1\" \/>\n<link rel=\"canonical\" href=\"https:\/\/morfus.es\/en\/travel\/duty-free-tli\/\" \/>\n<meta property=\"og:locale\" content=\"en_GB\" \/>\n<meta property=\"og:type\" content=\"article\" \/>\n<meta property=\"og:title\" content=\"Duty Free - Bilbao - Morfus\" \/>\n<meta property=\"og:description\" content=\"Renovaci\u00f3n del Duty Free en el aeropuerto de Bilbao: entorno moderno y funcional que refuerza la marca y mejora la experiencia del cliente.\" \/>\n<meta property=\"og:url\" content=\"https:\/\/morfus.es\/en\/travel\/duty-free-tli\/\" \/>\n<meta property=\"og:site_name\" content=\"Morfus\" \/>\n<meta property=\"article:modified_time\" content=\"2026-02-27T11:50:02+00:00\" \/>\n<meta property=\"og:image\" content=\"https:\/\/morfus.es\/wp-content\/uploads\/2026\/02\/20260113_140010.jpg\" \/>\n\t<meta property=\"og:image:width\" content=\"2000\" \/>\n\t<meta property=\"og:image:height\" content=\"1500\" \/>\n\t<meta property=\"og:image:type\" content=\"image\/jpeg\" \/>\n<meta name=\"twitter:card\" content=\"summary_large_image\" \/>\n<meta name=\"twitter:label1\" content=\"Estimated reading time\" \/>\n\t<meta name=\"twitter:data1\" content=\"3 minutes\" \/>\n<script type=\"application\/ld+json\" class=\"yoast-schema-graph\">{\"@context\":\"https:\/\/schema.org\",\"@graph\":[{\"@type\":\"WebPage\",\"@id\":\"https:\/\/morfus.es\/en\/travel\/duty-free-tli\/\",\"url\":\"https:\/\/morfus.es\/en\/travel\/duty-free-tli\/\",\"name\":\"Duty Free - Bilbao - Morfus\",\"isPartOf\":{\"@id\":\"https:\/\/morfus.es\/#website\"},\"primaryImageOfPage\":{\"@id\":\"https:\/\/morfus.es\/en\/travel\/duty-free-tli\/#primaryimage\"},\"image\":{\"@id\":\"https:\/\/morfus.es\/en\/travel\/duty-free-tli\/#primaryimage\"},\"thumbnailUrl\":\"https:\/\/morfus.es\/wp-content\/uploads\/2026\/02\/20260113_140010.jpg\",\"datePublished\":\"2026-02-24T10:52:01+00:00\",\"dateModified\":\"2026-02-27T11:50:02+00:00\",\"description\":\"Renovaci\u00f3n del Duty Free en el aeropuerto de Bilbao: entorno moderno y funcional que refuerza la marca y mejora la experiencia del cliente.\",\"breadcrumb\":{\"@id\":\"https:\/\/morfus.es\/en\/travel\/duty-free-tli\/#breadcrumb\"},\"inLanguage\":\"en-GB\",\"potentialAction\":[{\"@type\":\"ReadAction\",\"target\":[\"https:\/\/morfus.es\/en\/travel\/duty-free-tli\/\"]}]},{\"@type\":\"ImageObject\",\"inLanguage\":\"en-GB\",\"@id\":\"https:\/\/morfus.es\/en\/travel\/duty-free-tli\/#primaryimage\",\"url\":\"https:\/\/morfus.es\/wp-content\/uploads\/2026\/02\/20260113_140010.jpg\",\"contentUrl\":\"https:\/\/morfus.es\/wp-content\/uploads\/2026\/02\/20260113_140010.jpg\",\"width\":2000,\"height\":1500,\"caption\":\"Tienda duty free Aelia con vinos, licores y tabaco.\"},{\"@type\":\"BreadcrumbList\",\"@id\":\"https:\/\/morfus.es\/en\/travel\/duty-free-tli\/#breadcrumb\",\"itemListElement\":[{\"@type\":\"ListItem\",\"position\":1,\"name\":\"Portada\",\"item\":\"https:\/\/morfus.es\/\"},{\"@type\":\"ListItem\",\"position\":2,\"name\":\"Travel\",\"item\":\"https:\/\/morfus.es\/travel\/\"},{\"@type\":\"ListItem\",\"position\":3,\"name\":\"Duty Free &#8211; Bilbao\"}]},{\"@type\":\"WebSite\",\"@id\":\"https:\/\/morfus.es\/#website\",\"url\":\"https:\/\/morfus.es\/\",\"name\":\"Morfus\",\"description\":\"\",\"publisher\":{\"@id\":\"https:\/\/morfus.es\/#organization\"},\"potentialAction\":[{\"@type\":\"SearchAction\",\"target\":{\"@type\":\"EntryPoint\",\"urlTemplate\":\"https:\/\/morfus.es\/?s={search_term_string}\"},\"query-input\":{\"@type\":\"PropertyValueSpecification\",\"valueRequired\":true,\"valueName\":\"search_term_string\"}}],\"inLanguage\":\"en-GB\"},{\"@type\":\"Organization\",\"@id\":\"https:\/\/morfus.es\/#organization\",\"name\":\"Morfus\",\"url\":\"https:\/\/morfus.es\/\",\"logo\":{\"@type\":\"ImageObject\",\"inLanguage\":\"en-GB\",\"@id\":\"https:\/\/morfus.es\/#\/schema\/logo\/image\/\",\"url\":\"https:\/\/morfus.es\/wp-content\/uploads\/2026\/01\/Logotipo-Morfus.png\",\"contentUrl\":\"https:\/\/morfus.es\/wp-content\/uploads\/2026\/01\/Logotipo-Morfus.png\",\"width\":906,\"height\":386,\"caption\":\"Morfus\"},\"image\":{\"@id\":\"https:\/\/morfus.es\/#\/schema\/logo\/image\/\"}}]}<\/script>\n<!-- \/ Yoast SEO plugin. -->","yoast_head_json":{"title":"Duty Free - Bilbao - Morfus","description":"Renovaci\u00f3n del Duty Free en el aeropuerto de Bilbao: entorno moderno y funcional que refuerza la marca y mejora la experiencia del cliente.","robots":{"index":"index","follow":"follow","max-snippet":"max-snippet:-1","max-image-preview":"max-image-preview:large","max-video-preview":"max-video-preview:-1"},"canonical":"https:\/\/morfus.es\/en\/travel\/duty-free-tli\/","og_locale":"en_GB","og_type":"article","og_title":"Duty Free - Bilbao - Morfus","og_description":"Renovaci\u00f3n del Duty Free en el aeropuerto de Bilbao: entorno moderno y funcional que refuerza la marca y mejora la experiencia del cliente.","og_url":"https:\/\/morfus.es\/en\/travel\/duty-free-tli\/","og_site_name":"Morfus","article_modified_time":"2026-02-27T11:50:02+00:00","og_image":[{"width":2000,"height":1500,"url":"https:\/\/morfus.es\/wp-content\/uploads\/2026\/02\/20260113_140010.jpg","type":"image\/jpeg"}],"twitter_card":"summary_large_image","twitter_misc":{"Estimated reading time":"3 minutes"},"schema":{"@context":"https:\/\/schema.org","@graph":[{"@type":"WebPage","@id":"https:\/\/morfus.es\/en\/travel\/duty-free-tli\/","url":"https:\/\/morfus.es\/en\/travel\/duty-free-tli\/","name":"Duty Free - Bilbao - Morfus","isPartOf":{"@id":"https:\/\/morfus.es\/#website"},"primaryImageOfPage":{"@id":"https:\/\/morfus.es\/en\/travel\/duty-free-tli\/#primaryimage"},"image":{"@id":"https:\/\/morfus.es\/en\/travel\/duty-free-tli\/#primaryimage"},"thumbnailUrl":"https:\/\/morfus.es\/wp-content\/uploads\/2026\/02\/20260113_140010.jpg","datePublished":"2026-02-24T10:52:01+00:00","dateModified":"2026-02-27T11:50:02+00:00","description":"Renovaci\u00f3n del Duty Free en el aeropuerto de Bilbao: entorno moderno y funcional que refuerza la marca y mejora la experiencia del cliente.","breadcrumb":{"@id":"https:\/\/morfus.es\/en\/travel\/duty-free-tli\/#breadcrumb"},"inLanguage":"en-GB","potentialAction":[{"@type":"ReadAction","target":["https:\/\/morfus.es\/en\/travel\/duty-free-tli\/"]}]},{"@type":"ImageObject","inLanguage":"en-GB","@id":"https:\/\/morfus.es\/en\/travel\/duty-free-tli\/#primaryimage","url":"https:\/\/morfus.es\/wp-content\/uploads\/2026\/02\/20260113_140010.jpg","contentUrl":"https:\/\/morfus.es\/wp-content\/uploads\/2026\/02\/20260113_140010.jpg","width":2000,"height":1500,"caption":"Tienda duty free Aelia con vinos, licores y tabaco."},{"@type":"BreadcrumbList","@id":"https:\/\/morfus.es\/en\/travel\/duty-free-tli\/#breadcrumb","itemListElement":[{"@type":"ListItem","position":1,"name":"Portada","item":"https:\/\/morfus.es\/"},{"@type":"ListItem","position":2,"name":"Travel","item":"https:\/\/morfus.es\/travel\/"},{"@type":"ListItem","position":3,"name":"Duty Free &#8211; Bilbao"}]},{"@type":"WebSite","@id":"https:\/\/morfus.es\/#website","url":"https:\/\/morfus.es\/","name":"Morfus","description":"","publisher":{"@id":"https:\/\/morfus.es\/#organization"},"potentialAction":[{"@type":"SearchAction","target":{"@type":"EntryPoint","urlTemplate":"https:\/\/morfus.es\/?s={search_term_string}"},"query-input":{"@type":"PropertyValueSpecification","valueRequired":true,"valueName":"search_term_string"}}],"inLanguage":"en-GB"},{"@type":"Organization","@id":"https:\/\/morfus.es\/#organization","name":"Morfus","url":"https:\/\/morfus.es\/","logo":{"@type":"ImageObject","inLanguage":"en-GB","@id":"https:\/\/morfus.es\/#\/schema\/logo\/image\/","url":"https:\/\/morfus.es\/wp-content\/uploads\/2026\/01\/Logotipo-Morfus.png","contentUrl":"https:\/\/morfus.es\/wp-content\/uploads\/2026\/01\/Logotipo-Morfus.png","width":906,"height":386,"caption":"Morfus"},"image":{"@id":"https:\/\/morfus.es\/#\/schema\/logo\/image\/"}}]}},"_links":{"self":[{"href":"https:\/\/morfus.es\/en\/wp-json\/wp\/v2\/pages\/978","targetHints":{"allow":["GET"]}}],"collection":[{"href":"https:\/\/morfus.es\/en\/wp-json\/wp\/v2\/pages"}],"about":[{"href":"https:\/\/morfus.es\/en\/wp-json\/wp\/v2\/types\/page"}],"author":[{"embeddable":true,"href":"https:\/\/morfus.es\/en\/wp-json\/wp\/v2\/users\/1"}],"replies":[{"embeddable":true,"href":"https:\/\/morfus.es\/en\/wp-json\/wp\/v2\/comments?post=978"}],"version-history":[{"count":0,"href":"https:\/\/morfus.es\/en\/wp-json\/wp\/v2\/pages\/978\/revisions"}],"up":[{"embeddable":true,"href":"https:\/\/morfus.es\/en\/wp-json\/wp\/v2\/pages\/867"}],"wp:featuredmedia":[{"embeddable":true,"href":"https:\/\/morfus.es\/en\/wp-json\/wp\/v2\/media\/980"}],"wp:attachment":[{"href":"https:\/\/morfus.es\/en\/wp-json\/wp\/v2\/media?parent=978"}],"wp:term":[{"taxonomy":"tipo_proyecto","embeddable":true,"href":"https:\/\/morfus.es\/en\/wp-json\/wp\/v2\/tipo_proyecto?post=978"}],"curies":[{"name":"wp","href":"https:\/\/api.w.org\/{rel}","templated":true}]}}